{"id":46,"date":"2017-12-18T19:35:42","date_gmt":"2017-12-18T18:35:42","guid":{"rendered":"http:\/\/poursoisophro.com\/?page_id=46"},"modified":"2020-02-24T16:39:06","modified_gmt":"2020-02-24T15:39:06","slug":"deroulement-dune-seance","status":"publish","type":"page","link":"https:\/\/poursoisophro.com\/es\/deroulement-dune-seance\/","title":{"rendered":"Procedimiento de la sesi\u00f3n"},"content":{"rendered":"<p>La primera sesi\u00f3n, llamada anamnesis, que dura una hora le permite hacer un balance de los frenos, los nudos que desea deshacer para avanzar. Luego definir\u00e1s tu objetivo.<br \/>\nComo resultado de esto, el sofr\u00f3logo establecer\u00e1 su protocolo de 8 a 10 sesiones para alcanzar su objetivo.<br \/>\nLuego, cada sesi\u00f3n comenzar\u00e1 con ejercicios de respiraci\u00f3n, relajaci\u00f3n din\u00e1mica, luego continuar\u00e1 con una sofronizaci\u00f3n, un ejercicio mental en plena conciencia que trabajar\u00e1 sus puntos fuertes y lo llevar\u00e1 a im\u00e1genes positivas, que se integrar\u00e1 profundamente dentro de usted.<br \/>\nAl final de cada sesi\u00f3n, si lo desea, compartir\u00e1 sus sentimientos y sus deseos.<br \/>\nSe recomienda encarecidamente entre cada sesi\u00f3n, continuar los ejercicios de respiraci\u00f3n y relajaci\u00f3n, para llegar m\u00e1s relajado en las siguientes sesiones.<\/p>\n","protected":false},"excerpt":{"rendered":"<p>La primera sesi\u00f3n, llamada anamnesis, que dura una hora le permite hacer un balance de los frenos, los nudos que desea deshacer para avanzar. Luego definir\u00e1s tu objetivo. Como resultado de esto, el sofr\u00f3logo establecer\u00e1 su protocolo de 8 a 10 sesiones para alcanzar su objetivo. Luego, cada sesi\u00f3n comenzar\u00e1 con ejercicios de respiraci\u00f3n, relajaci\u00f3n &hellip; <\/p>\n<p class=\"link-more\"><a href=\"https:\/\/poursoisophro.com\/es\/deroulement-dune-seance\/\" class=\"more-link\">Continuar leyendo<span class=\"screen-reader-text\"> \u00abProcedimiento de la sesi\u00f3n\u00bb<\/span><\/a><\/p>\n","protected":false},"author":1,"featured_media":0,"parent":0,"menu_order":0,"comment_status":"closed","ping_status":"closed","template":"","meta":[],"translation":{"provider":"WPGlobus","version":"2.8.11","language":"es","enabled_languages":["fr","es"],"languages":{"fr":{"title":true,"content":true,"excerpt":false},"es":{"title":true,"content":true,"excerpt":false}}},"_links":{"self":[{"href":"https:\/\/poursoisophro.com\/es\/wp-json\/wp\/v2\/pages\/46"}],"collection":[{"href":"https:\/\/poursoisophro.com\/es\/wp-json\/wp\/v2\/pages"}],"about":[{"href":"https:\/\/poursoisophro.com\/es\/wp-json\/wp\/v2\/types\/page"}],"author":[{"embeddable":true,"href":"https:\/\/poursoisophro.com\/es\/wp-json\/wp\/v2\/users\/1"}],"replies":[{"embeddable":true,"href":"https:\/\/poursoisophro.com\/es\/wp-json\/wp\/v2\/comments?post=46"}],"version-history":[{"count":7,"href":"https:\/\/poursoisophro.com\/es\/wp-json\/wp\/v2\/pages\/46\/revisions"}],"predecessor-version":[{"id":200,"href":"https:\/\/poursoisophro.com\/es\/wp-json\/wp\/v2\/pages\/46\/revisions\/200"}],"wp:attachment":[{"href":"https:\/\/poursoisophro.com\/es\/wp-json\/wp\/v2\/media?parent=46"}],"curies":[{"name":"wp","href":"https:\/\/api.w.org\/{rel}","templated":true}]}}