{"id":7,"date":"2017-12-18T18:47:55","date_gmt":"2017-12-18T17:47:55","guid":{"rendered":"http:\/\/poursoisophro.com\/?page_id=7"},"modified":"2020-02-24T16:20:39","modified_gmt":"2020-02-24T15:20:39","slug":"accueil","status":"publish","type":"page","link":"https:\/\/poursoisophro.com\/es\/","title":{"rendered":"Bienvenida"},"content":{"rendered":"\n<p>El lujo hoy en una sociedad demasiado r\u00e1pida, demasiado estresante, que quiere que hagamos lo mejor de nosotros permanentemente, es tener el tiempo.<br>\n\u00bfY si decidimos tomar su tiempo y tomarlo POR MISMO?<br>\nPara reflexionar sobre nuestras necesidades reales, nuestros deseos, nuestras fortalezas, todo lo que queremos hacer solo por placer, para ser mejores, para ser uno mismo \u2026<br>\nEn una palabra: \u00a1escucharnos!<br>\nTe propongo, gracias a la sofrolog\u00eda, este viaje interior que te deja, te traer\u00e1 de vuelta a ti, pero no exactamente el mismo: revelado, m\u00e1s aut\u00e9ntico<\/p>\n","protected":false},"excerpt":{"rendered":"<p>El lujo hoy en una sociedad demasiado r\u00e1pida, demasiado estresante, que quiere que hagamos lo mejor de nosotros permanentemente, es tener el tiempo. \u00bfY si decidimos tomar su tiempo y tomarlo POR MISMO? Para reflexionar sobre nuestras necesidades reales, nuestros deseos, nuestras fortalezas, todo lo que queremos hacer solo por placer, para ser mejores, para &hellip; <\/p>\n<p class=\"link-more\"><a href=\"https:\/\/poursoisophro.com\/es\/\" class=\"more-link\">Continuar leyendo<span class=\"screen-reader-text\"> \u00abBienvenida\u00bb<\/span><\/a><\/p>\n","protected":false},"author":1,"featured_media":0,"parent":0,"menu_order":0,"comment_status":"closed","ping_status":"closed","template":"","meta":[],"translation":{"provider":"WPGlobus","version":"2.8.11","language":"es","enabled_languages":["fr","es"],"languages":{"fr":{"title":true,"content":true,"excerpt":false},"es":{"title":true,"content":true,"excerpt":false}}},"_links":{"self":[{"href":"https:\/\/poursoisophro.com\/es\/wp-json\/wp\/v2\/pages\/7"}],"collection":[{"href":"https:\/\/poursoisophro.com\/es\/wp-json\/wp\/v2\/pages"}],"about":[{"href":"https:\/\/poursoisophro.com\/es\/wp-json\/wp\/v2\/types\/page"}],"author":[{"embeddable":true,"href":"https:\/\/poursoisophro.com\/es\/wp-json\/wp\/v2\/users\/1"}],"replies":[{"embeddable":true,"href":"https:\/\/poursoisophro.com\/es\/wp-json\/wp\/v2\/comments?post=7"}],"version-history":[{"count":8,"href":"https:\/\/poursoisophro.com\/es\/wp-json\/wp\/v2\/pages\/7\/revisions"}],"predecessor-version":[{"id":187,"href":"https:\/\/poursoisophro.com\/es\/wp-json\/wp\/v2\/pages\/7\/revisions\/187"}],"wp:attachment":[{"href":"https:\/\/poursoisophro.com\/es\/wp-json\/wp\/v2\/media?parent=7"}],"curies":[{"name":"wp","href":"https:\/\/api.w.org\/{rel}","templated":true}]}}