{"id":8,"date":"2017-12-18T18:47:58","date_gmt":"2017-12-18T17:47:58","guid":{"rendered":"http:\/\/poursoisophro.com\/?page_id=8"},"modified":"2020-02-24T16:18:51","modified_gmt":"2020-02-24T15:18:51","slug":"a-propos-de","status":"publish","type":"page","link":"https:\/\/poursoisophro.com\/es\/a-propos-de\/","title":{"rendered":"Sobre Fabienne Prevot"},"content":{"rendered":"<p>[vc_row][vc_column][vc_column_text]C&#8217;est, car ma vie, a \u00e9t\u00e9 \u00a0riche et\u00a0parfois difficile que\u00a0j&#8217;ai,\u00a0un jour d\u00e9cid\u00e9 de me poser pour r\u00e9fl\u00e9chir sur MOI et mes envies profondes \u00a0 ..\u00a0difficile d&#8217;\u00eatre objective \u00a0face\u00a0\u00e0 \u00a0soi m\u00eame\u00a0; c&#8217;est \u00e0 ce moment l\u00e0 que\u00a0 j&#8217;ai compris que\u00a0seule, je ne parviendrai par \u00e0 avancer, \u00a0je \u00a0ne comprendrai pas\u00a0comment \u00a0d\u00e9passer \u00a0mes peurs\u00a0et encore moins\u00a0enfin, \u00a0\u00eatre moi m\u00eame.<br \/>\nPar hasard une amie m\u2019a dit y \u00a0\u00eatre parvenue gr\u00e2ce \u00e0 la sophrologie ..ne \u00a0connaissant pas \u00a0bien cette \u00a0pratique je me suis renseign\u00e9e\u00a0: quelle \u00a0bonne id\u00e9e\u00a0!!!<br \/>\nLa sophrologie\u00a0\u00a0m&#8217;a aid\u00e9e au\u00a0 del\u00e0\u00a0 de mes esp\u00e9rances , et m&#8217;as pouss\u00e9e il y a 4 ans\u00a0\u00a0\u00e0 \u00a0devenir moi m\u00eame sophrologue ; \u00a0j&#8217;avais \u00a0envie de permettre \u00e0 d&#8217;autres d&#8217;\u00eatre mieux dans leur vie, de valoriser leur points forts, d&#8217;avoir confiance en leurs capacit\u00e9s , de trouver leur \u00e9quilibre et enfin \u00a0d\u2019oser \u00eatre eux m\u00eames , libres et audacieux.<br \/>\nLa force la plus positive- et celle qui nous concerne quasiment\u00a0\u00a0tous- m&#8217;a parue \u00eatre\u00a0la confiance en soi\u00a0 et j&#8217;en ai \u00a0fait \u00a0ma \u00absp\u00e9cialit\u00e9\u00bb.<br \/>\nMais aussi \u00a0accompagner les autres sujets de la vie quotidienne, tels que : \u00a0 am\u00e9liorer ou retrouver\u00a0le sommeil,\u00a0mieux\u00a0g\u00e9rer son stress,\u00a0traverser un deuil , une rupture\u00a0\u00a0s&#8217;\u00e9quilibrer et\u00a0enfin\u00a0se d\u00e9ployer,pour \u00eatre soi\u00a0\u00a0en\u00a0toute libert\u00e9\u00a0\u00a0.[\/vc_column_text][\/vc_column][\/vc_row]<\/p>\n","protected":false},"excerpt":{"rendered":"<p>[vc_row][vc_column][vc_column_text]C&#8217;est, car ma vie, a \u00e9t\u00e9 \u00a0riche et\u00a0parfois difficile que\u00a0j&#8217;ai,\u00a0un jour d\u00e9cid\u00e9 de me poser pour r\u00e9fl\u00e9chir sur MOI et mes envies profondes \u00a0 ..\u00a0difficile d&#8217;\u00eatre objective \u00a0face\u00a0\u00e0 \u00a0soi m\u00eame\u00a0; c&#8217;est \u00e0 ce moment l\u00e0 que\u00a0 j&#8217;ai compris que\u00a0seule, je ne parviendrai par \u00e0 avancer, \u00a0je \u00a0ne comprendrai pas\u00a0comment \u00a0d\u00e9passer \u00a0mes peurs\u00a0et encore moins\u00a0enfin, \u00a0\u00eatre &hellip; <\/p>\n<p class=\"link-more\"><a href=\"https:\/\/poursoisophro.com\/es\/a-propos-de\/\" class=\"more-link\">Continuar leyendo<span class=\"screen-reader-text\"> \u00abSobre Fabienne Prevot\u00bb<\/span><\/a><\/p>\n","protected":false},"author":1,"featured_media":67,"parent":0,"menu_order":0,"comment_status":"closed","ping_status":"closed","template":"","meta":[],"translation":{"provider":"WPGlobus","version":"2.8.11","language":"es","enabled_languages":["fr","es"],"languages":{"fr":{"title":true,"content":true,"excerpt":false},"es":{"title":false,"content":false,"excerpt":false}}},"_links":{"self":[{"href":"https:\/\/poursoisophro.com\/es\/wp-json\/wp\/v2\/pages\/8"}],"collection":[{"href":"https:\/\/poursoisophro.com\/es\/wp-json\/wp\/v2\/pages"}],"about":[{"href":"https:\/\/poursoisophro.com\/es\/wp-json\/wp\/v2\/types\/page"}],"author":[{"embeddable":true,"href":"https:\/\/poursoisophro.com\/es\/wp-json\/wp\/v2\/users\/1"}],"replies":[{"embeddable":true,"href":"https:\/\/poursoisophro.com\/es\/wp-json\/wp\/v2\/comments?post=8"}],"version-history":[{"count":7,"href":"https:\/\/poursoisophro.com\/es\/wp-json\/wp\/v2\/pages\/8\/revisions"}],"predecessor-version":[{"id":184,"href":"https:\/\/poursoisophro.com\/es\/wp-json\/wp\/v2\/pages\/8\/revisions\/184"}],"wp:featuredmedia":[{"embeddable":true,"href":"https:\/\/poursoisophro.com\/es\/wp-json\/wp\/v2\/media\/67"}],"wp:attachment":[{"href":"https:\/\/poursoisophro.com\/es\/wp-json\/wp\/v2\/media?parent=8"}],"curies":[{"name":"wp","href":"https:\/\/api.w.org\/{rel}","templated":true}]}}